{"id":6003,"date":"2021-12-28T22:40:03","date_gmt":"2021-12-28T19:40:03","guid":{"rendered":"https:\/\/www.anadolce.com\/hakkimizda\/"},"modified":"2022-02-26T17:45:47","modified_gmt":"2022-02-26T14:45:47","slug":"ueber-uns","status":"publish","type":"page","link":"https:\/\/www.anadolce.com\/de\/ueber-uns\/","title":{"rendered":"\u00dcber uns"},"content":{"rendered":"\t\t<div data-elementor-type=\"wp-page\" data-elementor-id=\"6003\" class=\"elementor elementor-6003 elementor-4335\">\n\t\t\t\t\t\t\t\t\t<section class=\"elementor-section elementor-top-section elementor-element elementor-element-49edee0e elementor-section-boxed elementor-section-height-default elementor-section-height-default\" data-id=\"49edee0e\" data-element_type=\"section\">\n\t\t\t\t\t\t<div class=\"elementor-container elementor-column-gap-default\">\n\t\t\t\t\t<div class=\"elementor-column elementor-col-50 elementor-top-column elementor-element elementor-element-29528713\" data-id=\"29528713\" data-element_type=\"column\">\n\t\t\t<div class=\"elementor-widget-wrap elementor-element-populated\">\n\t\t\t\t\t\t\t\t<div class=\"elementor-element elementor-element-3c079fd elementor-widget elementor-widget-image\" data-id=\"3c079fd\" data-element_type=\"widget\" data-widget_type=\"image.default\">\n\t\t\t\t<div class=\"elementor-widget-container\">\n\t\t\t<style>\/*! elementor - v3.6.2 - 04-04-2022 *\/\n.elementor-widget-image{text-align:center}.elementor-widget-image a{display:inline-block}.elementor-widget-image a img[src$=\".svg\"]{width:48px}.elementor-widget-image img{vertical-align:middle;display:inline-block}<\/style>\t\t\t\t\t\t\t\t\t\t\t\t<img loading=\"lazy\" decoding=\"async\" width=\"637\" height=\"340\" src=\"https:\/\/www.anadolce.com\/wp-content\/uploads\/2022\/01\/01.jpg\" class=\"attachment-large size-large\" alt=\"\" srcset=\"https:\/\/www.anadolce.com\/wp-content\/uploads\/2022\/01\/01.jpg 637w, https:\/\/www.anadolce.com\/wp-content\/uploads\/2022\/01\/01-300x160.jpg 300w\" sizes=\"auto, (max-width: 637px) 100vw, 637px\" \/>\t\t\t\t\t\t\t\t\t\t\t\t\t\t\t<\/div>\n\t\t\t\t<\/div>\n\t\t\t\t\t<\/div>\n\t\t<\/div>\n\t\t\t\t<div class=\"elementor-column elementor-col-50 elementor-top-column elementor-element elementor-element-e5f7977\" data-id=\"e5f7977\" data-element_type=\"column\">\n\t\t\t<div class=\"elementor-widget-wrap elementor-element-populated\">\n\t\t\t\t\t\t\t\t<div class=\"elementor-element elementor-element-3d6ffa7 elementor-widget elementor-widget-heading\" data-id=\"3d6ffa7\" data-element_type=\"widget\" data-widget_type=\"heading.default\">\n\t\t\t\t<div class=\"elementor-widget-container\">\n\t\t\t<style>\/*! elementor - v3.6.2 - 04-04-2022 *\/\n.elementor-heading-title{padding:0;margin:0;line-height:1}.elementor-widget-heading .elementor-heading-title[class*=elementor-size-]>a{color:inherit;font-size:inherit;line-height:inherit}.elementor-widget-heading .elementor-heading-title.elementor-size-small{font-size:15px}.elementor-widget-heading .elementor-heading-title.elementor-size-medium{font-size:19px}.elementor-widget-heading .elementor-heading-title.elementor-size-large{font-size:29px}.elementor-widget-heading .elementor-heading-title.elementor-size-xl{font-size:39px}.elementor-widget-heading .elementor-heading-title.elementor-size-xxl{font-size:59px}<\/style><h2 class=\"elementor-heading-title elementor-size-default\">Unsere Story<\/h2>\t\t<\/div>\n\t\t\t\t<\/div>\n\t\t\t\t<div class=\"elementor-element elementor-element-9899afe elementor-widget elementor-widget-text-editor\" data-id=\"9899afe\" data-element_type=\"widget\" data-widget_type=\"text-editor.default\">\n\t\t\t\t<div class=\"elementor-widget-container\">\n\t\t\t<style>\/*! elementor - v3.6.2 - 04-04-2022 *\/\n.elementor-widget-text-editor.elementor-drop-cap-view-stacked .elementor-drop-cap{background-color:#818a91;color:#fff}.elementor-widget-text-editor.elementor-drop-cap-view-framed .elementor-drop-cap{color:#818a91;border:3px solid;background-color:transparent}.elementor-widget-text-editor:not(.elementor-drop-cap-view-default) .elementor-drop-cap{margin-top:8px}.elementor-widget-text-editor:not(.elementor-drop-cap-view-default) .elementor-drop-cap-letter{width:1em;height:1em}.elementor-widget-text-editor .elementor-drop-cap{float:left;text-align:center;line-height:1;font-size:50px}.elementor-widget-text-editor .elementor-drop-cap-letter{display:inline-block}<\/style>\t\t\t\t<p>Wir sind stolz die Siirt Pistazie, deren Geschichte Anfang des letzten Jahrhunderts begann, unter unserer preisgekr\u00f6nten Marke ANADOLCE\u2122, der Welt vorzustellen.<\/p><p>Auf unserer Mission, die traditionelle Landwirtschaft mit den wissenschaftlich modernsten Methoden zu verbinden, haben wir zu keinem Zeitpunkt vergessen, dass uns dieser fruchtbare Boden von unseren Vorfahren nicht etwa als Hinterlassenschaft vererbt wurde, sondern lediglich nur anvertraut wurde um diese an unsere Enkelkinder im noch besseren Zustand weiterzugeben.<\/p>\t\t\t\t\t\t<\/div>\n\t\t\t\t<\/div>\n\t\t\t\t\t<\/div>\n\t\t<\/div>\n\t\t\t\t\t\t\t<\/div>\n\t\t<\/section>\n\t\t\t\t<section class=\"elementor-section elementor-top-section elementor-element elementor-element-b833b5b elementor-reverse-mobile elementor-section-boxed elementor-section-height-default elementor-section-height-default\" data-id=\"b833b5b\" data-element_type=\"section\">\n\t\t\t\t\t\t<div class=\"elementor-container elementor-column-gap-default\">\n\t\t\t\t\t<div class=\"elementor-column elementor-col-50 elementor-top-column elementor-element elementor-element-6866bbb\" data-id=\"6866bbb\" data-element_type=\"column\">\n\t\t\t<div class=\"elementor-widget-wrap elementor-element-populated\">\n\t\t\t\t\t\t\t\t<div class=\"elementor-element elementor-element-b522476 elementor-widget elementor-widget-heading\" data-id=\"b522476\" data-element_type=\"widget\" data-widget_type=\"heading.default\">\n\t\t\t\t<div class=\"elementor-widget-container\">\n\t\t\t<h2 class=\"elementor-heading-title elementor-size-default\">Unsere Methode<\/h2>\t\t<\/div>\n\t\t\t\t<\/div>\n\t\t\t\t<div class=\"elementor-element elementor-element-967e261 elementor-widget elementor-widget-text-editor\" data-id=\"967e261\" data-element_type=\"widget\" data-widget_type=\"text-editor.default\">\n\t\t\t\t<div class=\"elementor-widget-container\">\n\t\t\t\t\t\t\t<p>&#8222;Mit unserem, Common Production\u201c -Modell koordinieren wir die synchrone Zusammenarbeit von gesunden G\u00e4rten, deren Boden- und Ergiebigkeitsanalysen nach den modernsten Standards durchgef\u00fchrt werden. W\u00e4hrend wir diese Koordination machen organisieren wir auch die Weiterbildung und das Sorgfaltsbewusstsein unserer Farmer, so dass st\u00e4ndig neue Anbaufl\u00e4chen entwickelt werden k\u00f6nnen. Unter Aufsicht von Landwirtschafts-Ingenieuren erm\u00f6glichen wir unseren Farmern die Schritte vom Baumschnitt, Bew\u00e4sserung,\u00a0 Sch\u00e4dlingsbek\u00e4mpfung bis hin zur Ernte auf wissenschaftlich produktive Art und Weise durchzuf\u00fchren. Sobald unsere Produkt-Experten die Reife der zugelassenen G\u00e4rten f\u00fcr ideal befinden, f\u00fchren wir die ausschlie\u00dflich manuelle Ernte unserer Produkte durch.<\/p>\t\t\t\t\t\t<\/div>\n\t\t\t\t<\/div>\n\t\t\t\t\t<\/div>\n\t\t<\/div>\n\t\t\t\t<div class=\"elementor-column elementor-col-50 elementor-top-column elementor-element elementor-element-1a68eab\" data-id=\"1a68eab\" data-element_type=\"column\">\n\t\t\t<div class=\"elementor-widget-wrap elementor-element-populated\">\n\t\t\t\t\t\t\t\t<div class=\"elementor-element elementor-element-aa92de1 elementor-widget elementor-widget-image\" data-id=\"aa92de1\" data-element_type=\"widget\" data-widget_type=\"image.default\">\n\t\t\t\t<div class=\"elementor-widget-container\">\n\t\t\t\t\t\t\t\t\t\t\t\t\t\t\t<img loading=\"lazy\" decoding=\"async\" width=\"637\" height=\"340\" src=\"https:\/\/www.anadolce.com\/wp-content\/uploads\/2022\/01\/10.jpg\" class=\"attachment-large size-large\" alt=\"\" srcset=\"https:\/\/www.anadolce.com\/wp-content\/uploads\/2022\/01\/10.jpg 637w, https:\/\/www.anadolce.com\/wp-content\/uploads\/2022\/01\/10-300x160.jpg 300w\" sizes=\"auto, (max-width: 637px) 100vw, 637px\" \/>\t\t\t\t\t\t\t\t\t\t\t\t\t\t\t<\/div>\n\t\t\t\t<\/div>\n\t\t\t\t\t<\/div>\n\t\t<\/div>\n\t\t\t\t\t\t\t<\/div>\n\t\t<\/section>\n\t\t\t\t<section class=\"elementor-section elementor-top-section elementor-element elementor-element-f29a027 elementor-section-boxed elementor-section-height-default elementor-section-height-default\" data-id=\"f29a027\" data-element_type=\"section\">\n\t\t\t\t\t\t<div class=\"elementor-container elementor-column-gap-default\">\n\t\t\t\t\t<div class=\"elementor-column elementor-col-50 elementor-top-column elementor-element elementor-element-0eea9d7\" data-id=\"0eea9d7\" data-element_type=\"column\">\n\t\t\t<div class=\"elementor-widget-wrap elementor-element-populated\">\n\t\t\t\t\t\t\t\t<div class=\"elementor-element elementor-element-7cf4cb0 elementor-widget elementor-widget-image\" data-id=\"7cf4cb0\" data-element_type=\"widget\" data-widget_type=\"image.default\">\n\t\t\t\t<div class=\"elementor-widget-container\">\n\t\t\t\t\t\t\t\t\t\t\t\t\t\t\t<img loading=\"lazy\" decoding=\"async\" width=\"637\" height=\"340\" src=\"https:\/\/www.anadolce.com\/wp-content\/uploads\/2022\/01\/12.jpg\" class=\"attachment-large size-large\" alt=\"\" srcset=\"https:\/\/www.anadolce.com\/wp-content\/uploads\/2022\/01\/12.jpg 637w, https:\/\/www.anadolce.com\/wp-content\/uploads\/2022\/01\/12-300x160.jpg 300w\" sizes=\"auto, (max-width: 637px) 100vw, 637px\" \/>\t\t\t\t\t\t\t\t\t\t\t\t\t\t\t<\/div>\n\t\t\t\t<\/div>\n\t\t\t\t\t<\/div>\n\t\t<\/div>\n\t\t\t\t<div class=\"elementor-column elementor-col-50 elementor-top-column elementor-element elementor-element-f5e0c50\" data-id=\"f5e0c50\" data-element_type=\"column\">\n\t\t\t<div class=\"elementor-widget-wrap elementor-element-populated\">\n\t\t\t\t\t\t\t\t<div class=\"elementor-element elementor-element-696fef5 elementor-widget elementor-widget-heading\" data-id=\"696fef5\" data-element_type=\"widget\" data-widget_type=\"heading.default\">\n\t\t\t\t<div class=\"elementor-widget-container\">\n\t\t\t<h2 class=\"elementor-heading-title elementor-size-default\">Unsere Productions Standards<\/h2>\t\t<\/div>\n\t\t\t\t<\/div>\n\t\t\t\t<div class=\"elementor-element elementor-element-9d68fc2 elementor-widget elementor-widget-text-editor\" data-id=\"9d68fc2\" data-element_type=\"widget\" data-widget_type=\"text-editor.default\">\n\t\t\t\t<div class=\"elementor-widget-container\">\n\t\t\t\t\t\t\t<p>Diese per Hand geernteten Produkte werden rechtzeitig und in der akkuratesten Art und Weise in Pistazien-Verarbeitungsanlage bef\u00f6rdert welche nach den aktuell anerkanntesten Standards wie ISO22000 und BRC zertifiziert ist. Dort werden die Erzeugnisse frei von Zusatzmitteln und Konservierungsstoffen so wie sie uns die Mutter Natur \u00fcbergibt verarbeitet und um die Frische wie am ersten Tag zu erhalten qualitativ hochwertig verpackt so dass wir Ihnen unsere Produkte mit einem guten Gef\u00fchl anbieten k\u00f6nnen.<\/p>\t\t\t\t\t\t<\/div>\n\t\t\t\t<\/div>\n\t\t\t\t\t<\/div>\n\t\t<\/div>\n\t\t\t\t\t\t\t<\/div>\n\t\t<\/section>\n\t\t\t\t<section class=\"elementor-section elementor-top-section elementor-element elementor-element-cc90d6a elementor-reverse-mobile elementor-section-boxed elementor-section-height-default elementor-section-height-default\" data-id=\"cc90d6a\" data-element_type=\"section\">\n\t\t\t\t\t\t<div class=\"elementor-container elementor-column-gap-default\">\n\t\t\t\t\t<div class=\"elementor-column elementor-col-50 elementor-top-column elementor-element elementor-element-b3c6f92\" data-id=\"b3c6f92\" data-element_type=\"column\">\n\t\t\t<div class=\"elementor-widget-wrap elementor-element-populated\">\n\t\t\t\t\t\t\t\t<div class=\"elementor-element elementor-element-8d7f093 elementor-widget elementor-widget-heading\" data-id=\"8d7f093\" data-element_type=\"widget\" data-widget_type=\"heading.default\">\n\t\t\t\t<div class=\"elementor-widget-container\">\n\t\t\t<h2 class=\"elementor-heading-title elementor-size-default\">Unsere Verantwortungen Gegen\u00fcber...<\/h2>\t\t<\/div>\n\t\t\t\t<\/div>\n\t\t\t\t<div class=\"elementor-element elementor-element-74aa6f4 elementor-widget elementor-widget-text-editor\" data-id=\"74aa6f4\" data-element_type=\"widget\" data-widget_type=\"text-editor.default\">\n\t\t\t\t<div class=\"elementor-widget-container\">\n\t\t\t\t\t\t\t<p>der Natur&#8230;<br \/>indem wir Ressourcen erhalten und damit die Nachhaltigkeit gew\u00e4hrleisten<\/p><p>dem Menschen&#8230;<br \/>indem wir die Reinheit und das Aroma sch\u00fctzen welchen uns die Natur gibt<\/p><p>dem Aufschwung&#8230;<br \/>indem wir in l\u00e4ndlichen Regionen Arbeitspl\u00e4tze schaffen<\/p><p>der Teilhabe&#8230;<br \/>indem wir mit unserem \u201eCommon Production\u201c Modell alle mit ins Boot nehmen<\/p><p>der Tradition&#8230;<br \/>indem wir konventionelle Anwendungen mit wissenschaftlich effektiven verbinden<\/p>\t\t\t\t\t\t<\/div>\n\t\t\t\t<\/div>\n\t\t\t\t\t<\/div>\n\t\t<\/div>\n\t\t\t\t<div class=\"elementor-column elementor-col-50 elementor-top-column elementor-element elementor-element-46a8e10\" data-id=\"46a8e10\" data-element_type=\"column\">\n\t\t\t<div class=\"elementor-widget-wrap elementor-element-populated\">\n\t\t\t\t\t\t\t\t<div class=\"elementor-element elementor-element-67d6afd elementor-widget elementor-widget-image\" data-id=\"67d6afd\" data-element_type=\"widget\" data-widget_type=\"image.default\">\n\t\t\t\t<div class=\"elementor-widget-container\">\n\t\t\t\t\t\t\t\t\t\t\t\t\t\t\t<img loading=\"lazy\" decoding=\"async\" width=\"1024\" height=\"683\" src=\"https:\/\/www.anadolce.com\/wp-content\/uploads\/2022\/01\/hakkimizda-anadolce-1024x683.jpg\" class=\"attachment-large size-large\" alt=\"\" srcset=\"https:\/\/www.anadolce.com\/wp-content\/uploads\/2022\/01\/hakkimizda-anadolce-1024x683.jpg 1024w, https:\/\/www.anadolce.com\/wp-content\/uploads\/2022\/01\/hakkimizda-anadolce-300x200.jpg 300w, https:\/\/www.anadolce.com\/wp-content\/uploads\/2022\/01\/hakkimizda-anadolce-768x512.jpg 768w, https:\/\/www.anadolce.com\/wp-content\/uploads\/2022\/01\/hakkimizda-anadolce-1536x1024.jpg 1536w, https:\/\/www.anadolce.com\/wp-content\/uploads\/2022\/01\/hakkimizda-anadolce-900x600.jpg 900w, https:\/\/www.anadolce.com\/wp-content\/uploads\/2022\/01\/hakkimizda-anadolce-1200x800.jpg 1200w, https:\/\/www.anadolce.com\/wp-content\/uploads\/2022\/01\/hakkimizda-anadolce.jpg 1920w\" sizes=\"auto, (max-width: 1024px) 100vw, 1024px\" \/>\t\t\t\t\t\t\t\t\t\t\t\t\t\t\t<\/div>\n\t\t\t\t<\/div>\n\t\t\t\t\t<\/div>\n\t\t<\/div>\n\t\t\t\t\t\t\t<\/div>\n\t\t<\/section>\n\t\t\t\t\t\t\t<\/div>\n\t\t","protected":false},"excerpt":{"rendered":"<p>Unsere Story Wir sind stolz die Siirt Pistazie, deren Geschichte Anfang des letzten Jahrhunderts begann, unter unserer preisgekr\u00f6nten Marke ANADOLCE\u2122, der Welt vorzustellen. Auf unserer Mission, die traditionelle Landwirtschaft mit den wissenschaftlich modernsten Methoden zu verbinden, haben wir zu keinem Zeitpunkt vergessen, dass uns dieser fruchtbare Boden von unseren Vorfahren nicht etwa als Hinterlassenschaft vererbt&hellip;<\/p>\n","protected":false},"author":1,"featured_media":0,"parent":0,"menu_order":0,"comment_status":"closed","ping_status":"closed","template":"","meta":{"footnotes":""},"class_list":["post-6003","page","type-page","status-publish","hentry"],"_links":{"self":[{"href":"https:\/\/www.anadolce.com\/de\/wp-json\/wp\/v2\/pages\/6003","targetHints":{"allow":["GET"]}}],"collection":[{"href":"https:\/\/www.anadolce.com\/de\/wp-json\/wp\/v2\/pages"}],"about":[{"href":"https:\/\/www.anadolce.com\/de\/wp-json\/wp\/v2\/types\/page"}],"author":[{"embeddable":true,"href":"https:\/\/www.anadolce.com\/de\/wp-json\/wp\/v2\/users\/1"}],"replies":[{"embeddable":true,"href":"https:\/\/www.anadolce.com\/de\/wp-json\/wp\/v2\/comments?post=6003"}],"version-history":[{"count":7,"href":"https:\/\/www.anadolce.com\/de\/wp-json\/wp\/v2\/pages\/6003\/revisions"}],"predecessor-version":[{"id":6079,"href":"https:\/\/www.anadolce.com\/de\/wp-json\/wp\/v2\/pages\/6003\/revisions\/6079"}],"wp:attachment":[{"href":"https:\/\/www.anadolce.com\/de\/wp-json\/wp\/v2\/media?parent=6003"}],"curies":[{"name":"wp","href":"https:\/\/api.w.org\/{rel}","templated":true}]}}