{"id":6029,"date":"2021-12-29T22:26:06","date_gmt":"2021-12-29T19:26:06","guid":{"rendered":"https:\/\/www.anadolce.com\/blog\/"},"modified":"2022-02-26T17:17:16","modified_gmt":"2022-02-26T14:17:16","slug":"blog","status":"publish","type":"page","link":"https:\/\/www.anadolce.com\/de\/blog\/","title":{"rendered":"Blog"},"content":{"rendered":"\t\t<div data-elementor-type=\"wp-page\" data-elementor-id=\"6029\" class=\"elementor elementor-6029 elementor-4533\">\n\t\t\t\t\t\t\t\t\t<section class=\"elementor-section elementor-top-section elementor-element elementor-element-3dd3b50 elementor-section-boxed elementor-section-height-default elementor-section-height-default\" data-id=\"3dd3b50\" data-element_type=\"section\">\n\t\t\t\t\t\t<div class=\"elementor-container elementor-column-gap-default\">\n\t\t\t\t\t<div class=\"elementor-column elementor-col-100 elementor-top-column elementor-element elementor-element-cc9991e\" data-id=\"cc9991e\" data-element_type=\"column\">\n\t\t\t<div class=\"elementor-widget-wrap elementor-element-populated\">\n\t\t\t\t\t\t\t\t\t<\/div>\n\t\t<\/div>\n\t\t\t\t\t\t\t<\/div>\n\t\t<\/section>\n\t\t\t\t\t\t\t<\/div>\n\t\t","protected":false},"excerpt":{"rendered":"<p>Siirt F\u0131st\u0131kl\u0131 \u00c7ikolata K\u00fcpleri Tarifi Oku Siirt F\u0131st\u0131\u011f\u0131 Bombas\u0131 Tarifi Oku Siirt F\u0131st\u0131kl\u0131 Brownie Tarifi Oku<\/p>\n","protected":false},"author":1,"featured_media":0,"parent":0,"menu_order":0,"comment_status":"closed","ping_status":"closed","template":"","meta":{"footnotes":""},"class_list":["post-6029","page","type-page","status-publish","hentry"],"_links":{"self":[{"href":"https:\/\/www.anadolce.com\/de\/wp-json\/wp\/v2\/pages\/6029","targetHints":{"allow":["GET"]}}],"collection":[{"href":"https:\/\/www.anadolce.com\/de\/wp-json\/wp\/v2\/pages"}],"about":[{"href":"https:\/\/www.anadolce.com\/de\/wp-json\/wp\/v2\/types\/page"}],"author":[{"embeddable":true,"href":"https:\/\/www.anadolce.com\/de\/wp-json\/wp\/v2\/users\/1"}],"replies":[{"embeddable":true,"href":"https:\/\/www.anadolce.com\/de\/wp-json\/wp\/v2\/comments?post=6029"}],"version-history":[{"count":1,"href":"https:\/\/www.anadolce.com\/de\/wp-json\/wp\/v2\/pages\/6029\/revisions"}],"predecessor-version":[{"id":6031,"href":"https:\/\/www.anadolce.com\/de\/wp-json\/wp\/v2\/pages\/6029\/revisions\/6031"}],"wp:attachment":[{"href":"https:\/\/www.anadolce.com\/de\/wp-json\/wp\/v2\/media?parent=6029"}],"curies":[{"name":"wp","href":"https:\/\/api.w.org\/{rel}","templated":true}]}}